{"id":240,"date":"2018-09-28T02:35:18","date_gmt":"2018-09-28T00:35:18","guid":{"rendered":"https:\/\/oeztat.eu\/unternehmen\/"},"modified":"2019-02-04T11:13:45","modified_gmt":"2019-02-04T10:13:45","slug":"unternehmen","status":"publish","type":"page","link":"https:\/\/oeztat.eu\/en\/unternehmen\/","title":{"rendered":"Company"},"content":{"rendered":"<p>\u00d6ztat D\u00f6nerproduktion GmbH was founded in 1999 by the Coskun brothers and has since quickly established itself as a leading producer of doner spits. Because of high demand for its products, the company decided to build a new business complex located in N\u00fcrnberg in 2008.<\/p>\n<p>By now, \u00d6ztat delivers across Europe. The special seasoning mix is a home recipe that identifies tradional \u00d6ztat doners. \u00d6ztat works with renowned German meat suppliers to ensure freshness and quality.<\/p>\n<p>Quality and taste standards are permanently upheld and worked on to be enhanced. Due to modern technology and production safety, implementation of the HACCP concept and quality assurance, the company has been granted the EG number &#8220;DE-BY-50119-EG&#8221;.<\/p>\n","protected":false},"excerpt":{"rendered":"<p>\u00d6ztat D\u00f6nerproduktion GmbH was founded in 1999 by the Coskun brothers and has since quickly established itself as a leading producer of doner spits. Because of high demand for its products, the company decided to build a new business complex located in N\u00fcrnberg in 2008. By now, \u00d6ztat delivers across Europe. The special seasoning mix<span class=\"read-more\">&#8230;<\/span><\/p>\n","protected":false},"author":1,"featured_media":53,"parent":0,"menu_order":0,"comment_status":"closed","ping_status":"closed","template":"","meta":[],"_links":{"self":[{"href":"https:\/\/oeztat.eu\/en\/wp-json\/wp\/v2\/pages\/240"}],"collection":[{"href":"https:\/\/oeztat.eu\/en\/wp-json\/wp\/v2\/pages"}],"about":[{"href":"https:\/\/oeztat.eu\/en\/wp-json\/wp\/v2\/types\/page"}],"author":[{"embeddable":true,"href":"https:\/\/oeztat.eu\/en\/wp-json\/wp\/v2\/users\/1"}],"replies":[{"embeddable":true,"href":"https:\/\/oeztat.eu\/en\/wp-json\/wp\/v2\/comments?post=240"}],"version-history":[{"count":6,"href":"https:\/\/oeztat.eu\/en\/wp-json\/wp\/v2\/pages\/240\/revisions"}],"predecessor-version":[{"id":390,"href":"https:\/\/oeztat.eu\/en\/wp-json\/wp\/v2\/pages\/240\/revisions\/390"}],"wp:featuredmedia":[{"embeddable":true,"href":"https:\/\/oeztat.eu\/en\/wp-json\/wp\/v2\/media\/53"}],"wp:attachment":[{"href":"https:\/\/oeztat.eu\/en\/wp-json\/wp\/v2\/media?parent=240"}],"curies":[{"name":"wp","href":"https:\/\/api.w.org\/{rel}","templated":true}]}}