{"id":291,"date":"2018-09-28T01:01:36","date_gmt":"2018-09-27T23:01:36","guid":{"rendered":"https:\/\/oeztat.eu\/datenschutz\/"},"modified":"2018-11-22T13:21:28","modified_gmt":"2018-11-22T12:21:28","slug":"privacy-policy","status":"publish","type":"page","link":"https:\/\/oeztat.eu\/en\/privacy-policy\/","title":{"rendered":"Privacy Policy"},"content":{"rendered":"<h2>I. Verantwortliche Stelle<\/h2>\n<p>Verantwortliche Stelle im Sinne der Datenschutz-Grundverordnung ist:<\/p>\n<p>\u00d6ztat D\u00f6nerproduktion GmbH<br \/>\nSprottauer Str. 21<br \/>\n90475 N\u00fcrnberg<\/p>\n<p>Vertreten durch: Herrn Ismet Coskun<\/p>\n<p><b>Kontakt:<\/b><br \/>\nTelefon: +49 911 5975170<br \/>\nTelefax: +49 911 5975171<\/p>\n<p>Ansprechpartner f\u00fcr den Datenschutz bezogen auf diese Homepage ist:<\/p>\n<p>Herr Ismet Coskun<br \/>\nE-Mail: <a href=\"mailto:support@oeztat.eu\">support@oeztat.eu<\/a><\/p>\n<h2>II. Datenschutzbeauftragter<\/h2>\n<p>Datenschutzbeauftragter \u00d6ztat D\u00f6nerproduktion GmbH ist:<br \/>\nSerdal Coskun<br \/>\nSprottauer Strasse 21<br \/>\n90475 N\u00fcrnberg<\/p>\n<p>Telefon: +49 911 5975170<br \/>\nE-Mail: <a href=\"mailto:serdal.c@oeztat.eu\">serdal.c@oeztat.eu<\/a><\/p>\n<h2>III. Allgemeines zur Datenverarbeitung<\/h2>\n<h3>1. Umfang der Verarbeitung<\/h3>\n<p>Wir verarbeiten personenbezogene Daten von Besuchern der Homepage grunds\u00e4tzlich nur, soweit dies zur Bereitstellung einer funktionsf\u00e4higen Homepage sowie unserer Inhalte und Leistungen erforderlich ist. Die Verarbeitung personenbezogener Daten erfolgt regelm\u00e4\u00dfig nur nach Einwilligung des Besuchers. Eine Ausnahme gilt in solchen F\u00e4llen, in denen eine vorherige Einholung einer Einwilligung aus tats\u00e4chlichen Gr\u00fcnden nicht m\u00f6glich und die Verarbeitung der Daten durch gesetzliche Vorschriften gestattet ist.<\/p>\n<h3>2. Rechtsgrundlage der Verarbeitung<\/h3>\n<p>Soweit wir f\u00fcr Verarbeitungsvorg\u00e4nge personenbezogener Daten eine Einwilligung der betroffenen Person einholen, dient Art. 6 Abs. 1 lit. a DSGVO als Rechtsgrundlage.<\/p>\n<p>Des Weiteren erheben wir Daten, wenn dies eine gesetzliche Vorschrift anordnet (\u00a7 6 Abs. 1 lit. c DSGVO), dies zur Erf\u00fcllung einer uns obliegenden Verpflichtung (\u00a7 6 Abs. 1 lit. d DSGVO) oder die Verarbeitung zur Wahrung unserer berechtigten Interessen oder eines Dritten erforderlich ist, sofern nicht die Interessen oder Grundrechte und Grundfreiheiten des Besuchers, die den Schutz personenbezogener Daten erfordern, \u00fcberwiegen (\u00a7 6 Abs. 1 lit. f) DSGVO).<\/p>\n<h3>3. Datenl\u00f6schung und Speicherdauer<\/h3>\n<p>Die personenbezogenen Daten der betroffenen Person werden gel\u00f6scht oder gesperrt, sobald der Zweck der Speicherung entf\u00e4llt oder der Besucher der Verwendung widersprochen hat und wir kein berechtigtes Interesse an der Verarbeitung mehr haben. Eine Speicherung kann dar\u00fcber hinaus erfolgen, wenn dies gesetzlich vorgesehen ist, z.B. weil gesetzliche Aufbewahrungspflichten bestehen. Eine Sperrung oder L\u00f6schung der Daten erfolgt auch dann, wenn eine durch die genannten Normen vorgeschriebene Speicherfrist abl\u00e4uft, es sei denn, dass eine Notwendigkeit zur weiteren Speicherung der Daten f\u00fcr einen Vertragsabschluss oder eine Vertragserf\u00fcllung besteht.<\/p>\n<h2>IV. Cookies<\/h2>\n<p>Auf der Webseite werden sog. Cookies eingesetzt. Das sind Datenpakete, die zwischen dem Server der Webseite und dem Browser des Besuchers ausgetauscht werden. Diese werden beim Besuch der Webseite von den jeweils verwendeten Ger\u00e4ten (PC, Notebook, Tablet, Smartphone etc.) gespeichert. Cookies k\u00f6nnen insoweit keine Sch\u00e4den auf den verwendeten Ger\u00e4ten anrichten. Insbesondere enthalten sie keine Viren oder sonstige Schadsoftware. In den Cookies werden Informationen abgelegt, die sich jeweils im Zusammenhang mit dem spezifisch eingesetzten Endger\u00e4t ergeben. Wir k\u00f6nnen damit keinesfalls unmittelbar Kenntnis von der Identit\u00e4t des Besuchers der Webseite erhalten.<\/p>\n<p>Dar\u00fcber, dass wir Cookies verwenden, informieren wir bei Aufruf der Homepage und fragen nach der Einwilligung des Besuchers.<\/p>\n<p>Cookies werden nach den Grundeinstellungen der Browser gr\u00f6\u00dftenteils akzeptiert. Die Browsereinstellungen k\u00f6nnen so eingerichtet werden, dass Cookies entweder auf den verwendeten Ger\u00e4ten nicht akzeptiert werden, oder dass jeweils ein besonderer Hinweis erfolgt, bevor ein neuer Cookie angelegt wird. Es wird allerdings darauf hingewiesen, dass die Deaktivierung von Cookies dazu f\u00fchren kann, dass nicht alle Funktionen der Webseite bestm\u00f6glich genutzt werden k\u00f6nnen.<\/p>\n<p>Der Einsatz von Cookies dient dazu, die Nutzung unseres Webangebots komfortabler zu gestalten. So kann beispielsweise anhand von Session-Cookies nachvollzogen werden, ob der Besucher einzelne Seiten der Webseite bereits besucht hat. Nach Verlassen der Webseite werden diese Session-Cookies automatisch gel\u00f6scht.<\/p>\n<p>Zur Verbesserung der Benutzerfreundlichkeit werden tempor\u00e4re Cookies eingesetzt. Sie werden f\u00fcr einen vor\u00fcbergehenden Zeitraum auf dem Ger\u00e4t des Besuchers gespeichert. Bei erneutem Besuch der Webseite wird automatisch erkannt, dass der Besucher die Seite bereits zu einem fr\u00fcheren Zeitpunkt aufgerufen hat und welche Eingaben und Einstellungen dabei vorgenommen wurden, um diese nicht wiederholen zu m\u00fcssen.<\/p>\n<p>Der Einsatz von Cookies erfolgt au\u00dferdem, um die Aufrufe der Webseite zu statistischen Zwecken und zum Zwecke der Verbesserung des Angebotes zu analysieren. Diese Cookies erm\u00f6glichen es, bei einem erneuten Besuch automatisch zu erkennen, dass die Webseite bereits zuvor vom Besucher aufgerufen wurde. Hier erfolgt nach einer jeweils festgelegten Zeit eine automatische L\u00f6schung der Cookies. In diese Verwendung kann der Besucher einwilligen Art. 6 Abs. 1 lit. a) DSGVO. Die Einwilligung kann er jederzeit widerrufen, wobei die vorherige Verwendung durch Widerruf nicht unrechtm\u00e4\u00dfig wird.<\/p>\n<p>Sofern die Cookies keine Tracking-Mechanismen, die das Verhalten der betroffenen Person im Internet nachvollziehbar machen enthalten oder keine Nutzerprofile erstellen, sind die durch Cookies verarbeiteten Daten f\u00fcr die o. g. Zwecke zur Wahrung unserer berechtigten Interessen nach Art. 6 Abs. 1 Satz 1 Buchst. f) DSGVO gerechtfertigt. Daneben holen wir die Einwilligung des Besuchers ein, wenn das berechtigte Interesse nicht ausreichend ist.<\/p>\n<h2>V. Zur Erhebung der Daten im Einzelnen<\/h2>\n<h3>1. Erhebung personenbezogener Daten bei Besuch unserer Homepage<\/h3>\n<p>Beim Aufruf dieser Webseite www.oeztat.eu werden durch den Internet-Browser, den der Besucher verwendet, automatisch Daten an den Server dieser Webseite gesendet und zeitlich begrenzt in einer Protokolldatei (Logfile) gespeichert. Bis zur automatischen L\u00f6schung werden nachstehende Daten ohne weitere Eingabe des Besuchers gespeichert:<\/p>\n<ul>\n<li>IP-Adresse des Endger\u00e4ts des Besuchers<\/li>\n<li>Datum und Uhrzeit des Zugriffs durch den Besucher<\/li>\n<li>Name und URL der vom Besucher aufgerufenen Seite<\/li>\n<li>Webseite, von der aus der Besucher auf die Webseite gelangt (sog. Referrer-URL)<\/li>\n<li>Browser und Betriebssystem des Endger\u00e4ts des Besuchers sowie der Name des vom Besucher verwendeten Access-Providers<\/li>\n<\/ul>\n<p>Die Verarbeitung dieser personenbezogenen Daten ist gem. Art. 6 Abs. 1 Satz 1 Buchst. f) DSGVO gerechtfertigt. Wir haben ein berechtigtes Interesse an der Datenverarbeitung zu dem Zweck,<\/p>\n<ul>\n<li>die Verbindung zur Webseite z\u00fcgig aufzubauen,<\/li>\n<li>eine nutzerfreundliche Anwendung der Webseite zu erm\u00f6glichen,<\/li>\n<li>die Sicherheit und Stabilit\u00e4t der Systeme zu erkennen und zu gew\u00e4hrleisten und<\/li>\n<li>die Administration der Webseite zu erleichtern und zu verbessern.<\/li>\n<\/ul>\n<p>Die Verarbeitung erfolgt ausdr\u00fccklich nicht zu dem Zweck, Erkenntnisse \u00fcber die Person des Besuchers der Webseite zu gewinnen.<\/p>\n<h3>2. Kontaktformular<\/h3>\n<p>Bei Kontaktaufnahme mittels des zur Verf\u00fcgung gestellten Kontaktformulars werden die vom Besucher mitgeteilten Daten (E-Mail-Adresse, Name, Firma, Thema und konkreter Nachrichtentext) von uns gespeichert, um seine Fragen zu beantworten. Die in diesem Zusammenhang anfallenden Daten l\u00f6schen wir, nachdem die Speicherung nicht mehr erforderlich ist, oder wir schr\u00e4nken die Verarbeitung ein, falls gesetzliche Aufbewahrungspflichten bestehen.<\/p>\n<p>Die Verarbeitung dient unserem berechtigten Interesse, dem Besucher eine M\u00f6glichkeit zu bieten, mit uns in Kontakt zu treten oder als vorvertragliche Ma\u00dfnahme, wenn der Besucher beabsichtigt, unsere Leistungen in Anspruch zu nehmen. Rechtsgrundlage der Verarbeitung ist Art. 6 Abs. 1 S. 1 lit. f DSGVO bzw. Art. 6 Abs. 1 S. 1 lit. b DSGVO.<\/p>\n<h2>VI. Rechte des Besuchers<\/h2>\n<h3>1. Widerrufsm\u00f6glichkeit bei Einwilligung<\/h3>\n<p>Sofern die Erhebung und Verarbeitung personenbezogener Daten auf einer Einwilligung beruht, kann der Besucher diese jederzeit widerrufen. Mit Widerruf wird die Verarbeitung f\u00fcr die Zukunft unzul\u00e4ssig.<\/p>\n<h3>2. Auskunft<\/h3>\n<p>Besucher haben gem\u00e4\u00df Art. 15 DSGVO das Recht, von uns eine Best\u00e4tigung dar\u00fcber zu verlangen, ob von ihnen personenbezogene Daten verarbeitet werden. Das Auskunftsrecht erfasst zudem insbesondere die Auskunft \u00fcber Verarbeitungszwecke, Kategorien personenbezogener Daten, Empf\u00e4nger und Kategorien von Empf\u00e4ngern gegen\u00fcber denen personenbezogene Daten offengelegt werden, falls m\u00f6glich die geplante Dauer der Speicherung oder die Kriterien zu deren Festlegung oder Informationen \u00fcber die Herkunft der Daten, die nicht beim Besucher erhoben wurden.<\/p>\n<h3>3. Widerspruchsrecht<\/h3>\n<p>Sofern die Verarbeitung personenbezogener Daten auf einer Interessenabw\u00e4gung beruht, kann der Verwendung widersprochen werden (Art. 21 DSGVO). Bei Aus\u00fcbung des Widerspruchs bitten wir um die Darlegung von Gr\u00fcnden, weshalb die Verarbeitung, wie von uns durchgef\u00fchrt, nicht stattfinden darf. Im Falle des begr\u00fcndeten Widerspruchs \u00fcberpr\u00fcfen wir, ob die Sachlage eine Anpassung oder Einstellung der Datenverarbeitung personenbezogener Daten erfordert. Sofern wir zu dem Ergebnis gelangen, dass dies nicht der Fall ist, legen wir dem Widersprechenden unsere schutzw\u00fcrdigen zwingenden Gr\u00fcnde f\u00fcr die Fortf\u00fchrung der Verarbeitung dar.<\/p>\n<p style=\"text-transform: uppercase;\"><b>Ein Widerspruchsrecht besteht in jedem Fall f\u00fcr die Verarbeitung personenbezogener Daten zum Zwecke der Werbung und Datenanalyse.<\/b><\/p>\n<h3>4. Beschwerderecht<\/h3>\n<p>Besucher haben zudem das Recht, sich bei einer Datenschutz-Aufsichtsbeh\u00f6rde \u00fcber die Verarbeitung ihrer personenbezogenen Daten zu beschweren. Unsere Datenschutz-Aufsichtsbeh\u00f6rde ist das<\/p>\n<p>Bayerische Landesamt f\u00fcr Datenschutz<br \/>\nPromenade 27 (Schloss)<br \/>\n91522 Ansbach<br \/>\nDeutschland<br \/>\n<a href=\"www.baylda.de\" target=\"_blank\" rel=\"noopener\">www.baylda.de<\/a><\/p>\n<h3>5. Recht auf L\u00f6schung<\/h3>\n<p>Besucher haben gem\u00e4\u00df Art. 17 DSGVO das jederzeitige Recht, die unverz\u00fcgliche L\u00f6schung Ihrer bei uns gespeicherten personenbezogenen Daten zu verlangen. Wir werden dieser Bitte nachkommen, sofern f\u00fcr die Speicherung keine Rechtsgrundlage, insbesondere kein berechtigtes Interesse, keine vertraglichen oder gesetzlichen Aufbewahrungsfristen und auch sonst keine gesetzlichen Rechte oder Pflichten mehr zur Speicherung bestehen.<\/p>\n<h3>6. Sonstige Rechte<\/h3>\n<p>Besucher haben au\u00dferdem bezogen auf die sie betreffenden personenbezogenen Daten folgende Rechte:<\/p>\n<ul>\n<li>Recht auf Einschr\u00e4nkung der Verarbeitung, Art. 18 DSGVO<\/li>\n<li>Recht auf Daten\u00fcbertragbarkeit, Art. 20 DSGVO<\/li>\n<\/ul>\n<p>Zur Geltendmachung dieser Rechte k\u00f6nnen sich Besucher an den unter I. genannten Ansprechpartner f\u00fcr den Datenschutz wenden.<\/p>\n<hr \/>\n<p><b><i>Stand: Mai 2018<\/i><\/b><\/p>\n","protected":false},"excerpt":{"rendered":"<p>I. Verantwortliche Stelle Verantwortliche Stelle im Sinne der Datenschutz-Grundverordnung ist: \u00d6ztat D\u00f6nerproduktion GmbH Sprottauer Str. 21 90475 N\u00fcrnberg Vertreten durch: Herrn Ismet Coskun Kontakt: Telefon: +49 911 5975170 Telefax: +49 911 5975171 Ansprechpartner f\u00fcr den Datenschutz bezogen auf diese Homepage ist: Herr Ismet Coskun E-Mail: support@oeztat.eu II. Datenschutzbeauftragter Datenschutzbeauftragter \u00d6ztat D\u00f6nerproduktion GmbH ist: Serdal Coskun<span class=\"read-more\">&#8230;<\/span><\/p>\n","protected":false},"author":1,"featured_media":0,"parent":0,"menu_order":0,"comment_status":"closed","ping_status":"open","template":"","meta":[],"_links":{"self":[{"href":"https:\/\/oeztat.eu\/en\/wp-json\/wp\/v2\/pages\/291"}],"collection":[{"href":"https:\/\/oeztat.eu\/en\/wp-json\/wp\/v2\/pages"}],"about":[{"href":"https:\/\/oeztat.eu\/en\/wp-json\/wp\/v2\/types\/page"}],"author":[{"embeddable":true,"href":"https:\/\/oeztat.eu\/en\/wp-json\/wp\/v2\/users\/1"}],"replies":[{"embeddable":true,"href":"https:\/\/oeztat.eu\/en\/wp-json\/wp\/v2\/comments?post=291"}],"version-history":[{"count":1,"href":"https:\/\/oeztat.eu\/en\/wp-json\/wp\/v2\/pages\/291\/revisions"}],"predecessor-version":[{"id":295,"href":"https:\/\/oeztat.eu\/en\/wp-json\/wp\/v2\/pages\/291\/revisions\/295"}],"wp:attachment":[{"href":"https:\/\/oeztat.eu\/en\/wp-json\/wp\/v2\/media?parent=291"}],"curies":[{"name":"wp","href":"https:\/\/api.w.org\/{rel}","templated":true}]}}