{"id":293,"date":"2018-09-28T02:08:02","date_gmt":"2018-09-28T00:08:02","guid":{"rendered":"https:\/\/oeztat.eu\/impressum\/"},"modified":"2018-11-26T09:43:24","modified_gmt":"2018-11-26T08:43:24","slug":"impressum","status":"publish","type":"page","link":"https:\/\/oeztat.eu\/en\/impressum\/","title":{"rendered":"Imprint"},"content":{"rendered":"<p>\u00d6ztat D\u00f6nerproduktion GmbH<br \/>\nSprottauer Strasse 21<br \/>\n90475 N\u00fcrnberg<\/p>\n<p>Chief Executive: Ismet Coskun<\/p>\n<p>Tel.: +49 911 5975170<br \/>\nFax: +49 911 5975171<br \/>\nEmail: info@oeztat.eu<\/p>\n<p><strong>Registry Entry:<br \/>\n<\/strong>Registered in Commercial Registry<br \/>\nRegistry Court: District Court N\u00fcrnberg<br \/>\nRegistry No. : HRB 33561<br \/>\nVAT No. : DE310171379<\/p>\n","protected":false},"excerpt":{"rendered":"<p>\u00d6ztat D\u00f6nerproduktion GmbH Sprottauer Strasse 21 90475 N\u00fcrnberg Chief Executive: Ismet Coskun Tel.: +49 911 5975170 Fax: +49 911 5975171 Email: info@oeztat.eu Registry Entry: Registered in Commercial Registry Registry Court: District Court N\u00fcrnberg Registry No. : HRB 33561 VAT No. : DE310171379<\/p>\n","protected":false},"author":1,"featured_media":0,"parent":0,"menu_order":0,"comment_status":"closed","ping_status":"closed","template":"","meta":[],"_links":{"self":[{"href":"https:\/\/oeztat.eu\/en\/wp-json\/wp\/v2\/pages\/293"}],"collection":[{"href":"https:\/\/oeztat.eu\/en\/wp-json\/wp\/v2\/pages"}],"about":[{"href":"https:\/\/oeztat.eu\/en\/wp-json\/wp\/v2\/types\/page"}],"author":[{"embeddable":true,"href":"https:\/\/oeztat.eu\/en\/wp-json\/wp\/v2\/users\/1"}],"replies":[{"embeddable":true,"href":"https:\/\/oeztat.eu\/en\/wp-json\/wp\/v2\/comments?post=293"}],"version-history":[{"count":5,"href":"https:\/\/oeztat.eu\/en\/wp-json\/wp\/v2\/pages\/293\/revisions"}],"predecessor-version":[{"id":325,"href":"https:\/\/oeztat.eu\/en\/wp-json\/wp\/v2\/pages\/293\/revisions\/325"}],"wp:attachment":[{"href":"https:\/\/oeztat.eu\/en\/wp-json\/wp\/v2\/media?parent=293"}],"curies":[{"name":"wp","href":"https:\/\/api.w.org\/{rel}","templated":true}]}}