{"id":265,"date":"2018-09-28T02:35:18","date_gmt":"2018-09-28T00:35:18","guid":{"rendered":"https:\/\/oeztat.eu\/unternehmen\/"},"modified":"2019-02-04T11:13:18","modified_gmt":"2019-02-04T10:13:18","slug":"sirket","status":"publish","type":"page","link":"https:\/\/oeztat.eu\/tr\/sirket\/","title":{"rendered":"\u015eirket"},"content":{"rendered":"<p>\u00d6ztat D\u00f6nerproduktion GmbH, 1999 y\u0131l\u0131nda Co\u015fkun karde\u015fler taraf\u0131ndan kuruldu ve h\u0131zl\u0131 bir \u015fekilde kebap \u015fi\u015flerinin \u00fcretiminin \u00f6nde gelen \u00fcreticilerinden biri haline geldi. \u00d6ztat D\u00f6ner \u00fcr\u00fcnlerine olan y\u00fcksek talep nedeniyle, \u015firket 2008 y\u0131l\u0131nda N\u00fcrnberg&#8217;de yeni bir \u015firket kompleksi kurmaya karar verdi.<\/p>\n<p>\u00d6ztat D\u00f6nerproduktion GmbH, Avrupa \u00e7ap\u0131nda m\u00fc\u015fterilerine hizmet sunmaktad\u0131r.\u00d6zel baharat kar\u0131\u015f\u0131m\u0131m\u0131z kendi tarifimize dayan\u0131r ve geleneksel \u00d6ztat D\u00f6ner&#8217;i farkl\u0131 k\u0131lar. \u00d6ztat D\u00f6ner tazeli\u011fi ve kaliteyi sa\u011flamak i\u00e7in tan\u0131nm\u0131\u015f Alman et tedarik\u00e7ileriyle i\u015fbirli\u011fi yapmaktad\u0131r.<\/p>\n<p>Kaliteyi ve lezzet standartlar\u0131n\u0131 her zaman koruyabilmek ve daha fazla art\u0131rabilmek i\u00e7in \u00e7aba g\u00f6sterir. \u00dcretimde son teknolojiyi ve g\u00fcvenli\u011fi kullanarak, HACCP konseptinin ve kalite g\u00fcvencesinin uygulanmas\u0131nda, \u015firketin DE-BY-50119-EG numaral\u0131 EC numaras\u0131 oldu\u011fu kabul edilmi\u015ftir.<\/p>\n","protected":false},"excerpt":{"rendered":"<p>\u00d6ztat D\u00f6nerproduktion GmbH, 1999 y\u0131l\u0131nda Co\u015fkun karde\u015fler taraf\u0131ndan kuruldu ve h\u0131zl\u0131 bir \u015fekilde kebap \u015fi\u015flerinin \u00fcretiminin \u00f6nde gelen \u00fcreticilerinden biri haline geldi. \u00d6ztat D\u00f6ner \u00fcr\u00fcnlerine olan y\u00fcksek talep nedeniyle, \u015firket 2008 y\u0131l\u0131nda N\u00fcrnberg&#8217;de yeni bir \u015firket kompleksi kurmaya karar verdi. \u00d6ztat D\u00f6nerproduktion GmbH, Avrupa \u00e7ap\u0131nda m\u00fc\u015fterilerine hizmet sunmaktad\u0131r.\u00d6zel baharat kar\u0131\u015f\u0131m\u0131m\u0131z kendi tarifimize dayan\u0131r ve geleneksel<span class=\"read-more\">&#8230;<\/span><\/p>\n","protected":false},"author":1,"featured_media":53,"parent":0,"menu_order":0,"comment_status":"closed","ping_status":"closed","template":"","meta":[],"_links":{"self":[{"href":"https:\/\/oeztat.eu\/tr\/wp-json\/wp\/v2\/pages\/265"}],"collection":[{"href":"https:\/\/oeztat.eu\/tr\/wp-json\/wp\/v2\/pages"}],"about":[{"href":"https:\/\/oeztat.eu\/tr\/wp-json\/wp\/v2\/types\/page"}],"author":[{"embeddable":true,"href":"https:\/\/oeztat.eu\/tr\/wp-json\/wp\/v2\/users\/1"}],"replies":[{"embeddable":true,"href":"https:\/\/oeztat.eu\/tr\/wp-json\/wp\/v2\/comments?post=265"}],"version-history":[{"count":5,"href":"https:\/\/oeztat.eu\/tr\/wp-json\/wp\/v2\/pages\/265\/revisions"}],"predecessor-version":[{"id":389,"href":"https:\/\/oeztat.eu\/tr\/wp-json\/wp\/v2\/pages\/265\/revisions\/389"}],"wp:featuredmedia":[{"embeddable":true,"href":"https:\/\/oeztat.eu\/tr\/wp-json\/wp\/v2\/media\/53"}],"wp:attachment":[{"href":"https:\/\/oeztat.eu\/tr\/wp-json\/wp\/v2\/media?parent=265"}],"curies":[{"name":"wp","href":"https:\/\/api.w.org\/{rel}","templated":true}]}}