{"id":294,"date":"2018-09-28T02:08:02","date_gmt":"2018-09-28T00:08:02","guid":{"rendered":"https:\/\/oeztat.eu\/impressum\/"},"modified":"2018-11-26T09:41:49","modified_gmt":"2018-11-26T08:41:49","slug":"damga","status":"publish","type":"page","link":"https:\/\/oeztat.eu\/tr\/damga\/","title":{"rendered":"Damga"},"content":{"rendered":"<p>\u00d6ztat D\u00f6nerproduktion GmbH<br \/>\nSprottauer Strasse 21<br \/>\n90475 N\u00fcrnberg<\/p>\n<p>M\u00fcd\u00fcr: Ismet Coskun<\/p>\n<p>Tel.: +49 911 5975170<br \/>\nFax: +49 911 5975171<br \/>\nE-Mail: info@oeztat.eu<\/p>\n<p><strong>Kayit Giri\u015fi:<\/strong><br \/>\nTicaret siciline kay\u0131tl\u0131<br \/>\nKayit Mahkemesi: Yerel Mahkeme N\u00fcrnberg<br \/>\nKay\u0131t Numaras\u0131 : HRB 33561<br \/>\nKDV Kimlik : DE310171379<\/p>\n","protected":false},"excerpt":{"rendered":"<p>\u00d6ztat D\u00f6nerproduktion GmbH Sprottauer Strasse 21 90475 N\u00fcrnberg M\u00fcd\u00fcr: Ismet Coskun Tel.: +49 911 5975170 Fax: +49 911 5975171 E-Mail: info@oeztat.eu Kayit Giri\u015fi: Ticaret siciline kay\u0131tl\u0131 Kayit Mahkemesi: Yerel Mahkeme N\u00fcrnberg Kay\u0131t Numaras\u0131 : HRB 33561 KDV Kimlik : DE310171379<\/p>\n","protected":false},"author":1,"featured_media":0,"parent":0,"menu_order":0,"comment_status":"closed","ping_status":"closed","template":"","meta":[],"_links":{"self":[{"href":"https:\/\/oeztat.eu\/tr\/wp-json\/wp\/v2\/pages\/294"}],"collection":[{"href":"https:\/\/oeztat.eu\/tr\/wp-json\/wp\/v2\/pages"}],"about":[{"href":"https:\/\/oeztat.eu\/tr\/wp-json\/wp\/v2\/types\/page"}],"author":[{"embeddable":true,"href":"https:\/\/oeztat.eu\/tr\/wp-json\/wp\/v2\/users\/1"}],"replies":[{"embeddable":true,"href":"https:\/\/oeztat.eu\/tr\/wp-json\/wp\/v2\/comments?post=294"}],"version-history":[{"count":4,"href":"https:\/\/oeztat.eu\/tr\/wp-json\/wp\/v2\/pages\/294\/revisions"}],"predecessor-version":[{"id":323,"href":"https:\/\/oeztat.eu\/tr\/wp-json\/wp\/v2\/pages\/294\/revisions\/323"}],"wp:attachment":[{"href":"https:\/\/oeztat.eu\/tr\/wp-json\/wp\/v2\/media?parent=294"}],"curies":[{"name":"wp","href":"https:\/\/api.w.org\/{rel}","templated":true}]}}